{"id":7399,"date":"2024-02-09T07:52:16","date_gmt":"2024-02-09T07:52:16","guid":{"rendered":"https:\/\/www.ilove8bit.fi\/?page_id=7399"},"modified":"2024-02-09T08:54:25","modified_gmt":"2024-02-09T08:54:25","slug":"alku-i-love-8-bit","status":"publish","type":"page","link":"https:\/\/www.ilove8bit.fi\/fi\/alku-i-love-8-bit\/","title":{"rendered":"i love 8-bit alku"},"content":{"rendered":"<div data-elementor-type=\"wp-page\" data-elementor-id=\"7399\" class=\"elementor elementor-7399\" data-elementor-post-type=\"page\">\n\t\t\t\t\t\t<section class=\"elementor-section elementor-top-section elementor-element elementor-element-d099e89 elementor-section-height-min-height elementor-section-boxed elementor-section-height-default elementor-section-items-middle\" data-id=\"d099e89\" data-element_type=\"section\" data-settings=\"{&quot;background_background&quot;:&quot;classic&quot;}\">\n\t\t\t\t\t\t<div class=\"elementor-container elementor-column-gap-default\">\n\t\t\t\t\t<div class=\"elementor-column elementor-col-100 elementor-top-column elementor-element elementor-element-dc7950c\" data-id=\"dc7950c\" data-element_type=\"column\">\n\t\t\t<div class=\"elementor-widget-wrap elementor-element-populated\">\n\t\t\t\t\t\t<div class=\"elementor-element elementor-element-f043834 elementor-widget elementor-widget-image\" data-id=\"f043834\" data-element_type=\"widget\" data-widget_type=\"image.default\">\n\t\t\t\t<div class=\"elementor-widget-container\">\n\t\t\t\t\t\t\t\t\t\t\t\t\t<img decoding=\"async\" width=\"186\" height=\"142\" src=\"https:\/\/www.ilove8bit.fi\/wp-content\/uploads\/2024\/02\/orff-tp.png\" class=\"attachment-large size-large wp-image-7078\" alt=\"\" srcset=\"https:\/\/www.ilove8bit.fi\/wp-content\/uploads\/2024\/02\/orff-tp.png 186w, https:\/\/www.ilove8bit.fi\/wp-content\/uploads\/2024\/02\/orff-tp-16x12.png 16w\" sizes=\"(max-width: 186px) 100vw, 186px\" \/>\t\t\t\t\t\t\t\t\t\t\t\t\t<\/div>\n\t\t\t\t<\/div>\n\t\t\t\t<div class=\"elementor-element elementor-element-5c33259 elementor-widget elementor-widget-html\" data-id=\"5c33259\" data-element_type=\"widget\" data-widget_type=\"html.default\">\n\t\t\t\t<div class=\"elementor-widget-container\">\n\t\t\t<!-- Default Statcounter code for Alku I love 8-bit\nhttps:\/\/www.ilove8bit.fi\/alku-i-love-8-bit\/ -->\n<script type=\"text\/javascript\">\nvar sc_project=12965859; \nvar sc_invisible=1; \nvar sc_security=\"ecc608f8\"; \nvar sc_remove_link=1; \n<\/script>\n<script type=\"text\/javascript\"\nsrc=\"https:\/\/www.statcounter.com\/counter\/counter.js\"\nasync><\/script>\n<noscript><div class=\"statcounter\"><img class=\"statcounter\"\nsrc=\"https:\/\/c.statcounter.com\/12965859\/0\/ecc608f8\/1\/\"\nalt=\"Web Analytics\"\nreferrerpolicy=\"no-referrer-when-downgrade\"><\/div><\/noscript>\n<!-- End of Statcounter Code -->\t\t<\/div>\n\t\t\t\t<\/div>\n\t\t\t\t<div class=\"elementor-element elementor-element-02d5af7 elementor-widget elementor-widget-heading\" data-id=\"02d5af7\" data-element_type=\"widget\" data-widget_type=\"heading.default\">\n\t\t\t\t<div class=\"elementor-widget-container\">\n\t\t\t<h2 class=\"elementor-heading-title elementor-size-default\">I love 8-bit\u00ae L\u00e4ht\u00f6kohdat<\/h2>\t\t<\/div>\n\t\t\t\t<\/div>\n\t\t\t\t<div class=\"elementor-element elementor-element-09ff892 elementor-widget elementor-widget-image\" data-id=\"09ff892\" data-element_type=\"widget\" data-widget_type=\"image.default\">\n\t\t\t\t<div class=\"elementor-widget-container\">\n\t\t\t\t\t\t\t\t\t\t\t\t\t<img fetchpriority=\"high\" decoding=\"async\" width=\"841\" height=\"370\" src=\"https:\/\/www.ilove8bit.fi\/wp-content\/uploads\/2024\/02\/Kuvakaappaus2024-02-09-09-55-05.png\" class=\"attachment-large size-large wp-image-7403\" alt=\"\" srcset=\"https:\/\/www.ilove8bit.fi\/wp-content\/uploads\/2024\/02\/Kuvakaappaus2024-02-09-09-55-05.png 841w, https:\/\/www.ilove8bit.fi\/wp-content\/uploads\/2024\/02\/Kuvakaappaus2024-02-09-09-55-05-600x264.png 600w, https:\/\/www.ilove8bit.fi\/wp-content\/uploads\/2024\/02\/Kuvakaappaus2024-02-09-09-55-05-300x132.png 300w, https:\/\/www.ilove8bit.fi\/wp-content\/uploads\/2024\/02\/Kuvakaappaus2024-02-09-09-55-05-768x338.png 768w, https:\/\/www.ilove8bit.fi\/wp-content\/uploads\/2024\/02\/Kuvakaappaus2024-02-09-09-55-05-18x8.png 18w\" sizes=\"(max-width: 841px) 100vw, 841px\" \/>\t\t\t\t\t\t\t\t\t\t\t\t\t<\/div>\n\t\t\t\t<\/div>\n\t\t\t\t<div class=\"elementor-element elementor-element-3e0c698 elementor-widget elementor-widget-heading\" data-id=\"3e0c698\" data-element_type=\"widget\" data-widget_type=\"heading.default\">\n\t\t\t\t<div class=\"elementor-widget-container\">\n\t\t\t<h2 class=\"elementor-heading-title elementor-size-default\">Mit\u00e4 syntyi?<\/h2>\t\t<\/div>\n\t\t\t\t<\/div>\n\t\t\t\t<div class=\"elementor-element elementor-element-5ecf8a3 elementor-widget elementor-widget-heading\" data-id=\"5ecf8a3\" data-element_type=\"widget\" data-widget_type=\"heading.default\">\n\t\t\t\t<div class=\"elementor-widget-container\">\n\t\t\t<h2 class=\"elementor-heading-title elementor-size-default\"><a href=\"https:\/\/www.youtube.com\/watch?v=nfhN79DYRp0\">https:\/\/www.youtube.com\/watch?v=nfhN79DYRp0<\/a><\/h2>\t\t<\/div>\n\t\t\t\t<\/div>\n\t\t\t\t<div class=\"elementor-element elementor-element-49fca4d elementor-widget elementor-widget-heading\" data-id=\"49fca4d\" data-element_type=\"widget\" data-widget_type=\"heading.default\">\n\t\t\t\t<div class=\"elementor-widget-container\">\n\t\t\t<h2 class=\"elementor-heading-title elementor-size-default\"><a href=\"https:\/\/youtu.be\/Qc8RZ47EElg?feature=shared&#038;t=50\">https:\/\/youtu.be\/Qc8RZ47EElg?feature=shared&amp;t=50<\/a><\/h2>\t\t<\/div>\n\t\t\t\t<\/div>\n\t\t\t\t<div class=\"elementor-element elementor-element-44c39eb elementor-widget elementor-widget-heading\" data-id=\"44c39eb\" data-element_type=\"widget\" data-widget_type=\"heading.default\">\n\t\t\t\t<div class=\"elementor-widget-container\">\n\t\t\t<h2 class=\"elementor-heading-title elementor-size-default\"><a href=\"https:\/\/youtu.be\/6kSyKlyOzes?feature=shared&#038;t=9\">https:\/\/youtu.be\/6kSyKlyOzes?feature=shared&amp;t=9<\/a><\/h2>\t\t<\/div>\n\t\t\t\t<\/div>\n\t\t\t\t<div class=\"elementor-element elementor-element-7107fb2 elementor-widget elementor-widget-heading\" data-id=\"7107fb2\" data-element_type=\"widget\" data-widget_type=\"heading.default\">\n\t\t\t\t<div class=\"elementor-widget-container\">\n\t\t\t<h2 class=\"elementor-heading-title elementor-size-default\"><a href=\"https:\/\/www.kasibittinen.fi\/\">https:\/\/www.kasibittinen.fi\/<\/a><\/h2>\t\t<\/div>\n\t\t\t\t<\/div>\n\t\t\t\t<div class=\"elementor-element elementor-element-81c1ce2 elementor-widget elementor-widget-heading\" data-id=\"81c1ce2\" data-element_type=\"widget\" data-widget_type=\"heading.default\">\n\t\t\t\t<div class=\"elementor-widget-container\">\n\t\t\t<h2 class=\"elementor-heading-title elementor-size-default\"><a href=\"https:\/\/www.planet8bit.com\/\">https:\/\/www.planet8bit.com\/<\/a><\/h2>\t\t<\/div>\n\t\t\t\t<\/div>\n\t\t\t\t<div class=\"elementor-element elementor-element-132a95b elementor-widget elementor-widget-heading\" data-id=\"132a95b\" data-element_type=\"widget\" data-widget_type=\"heading.default\">\n\t\t\t\t<div class=\"elementor-widget-container\">\n\t\t\t<h2 class=\"elementor-heading-title elementor-size-default\"><a href=\"https:\/\/www.ilove8bit.fi\/fi\/pelipaivat\/\">https:\/\/www.ilove8bit.fi\/pelipaivat\/<\/a><\/h2>\t\t<\/div>\n\t\t\t\t<\/div>\n\t\t\t\t\t<\/div>\n\t\t<\/div>\n\t\t\t\t\t<\/div>\n\t\t<\/section>\n\t\t\t\t<\/div>","protected":false},"excerpt":{"rendered":"<p>I love 8-bit\u00ae L\u00e4ht\u00f6kohdat Mit\u00e4 syntyi? https:\/\/www.youtube.com\/watch?v=nfhN79DYRp0 https:\/\/youtu.be\/Qc8RZ47EElg?feature=shared&#038;t=50 https:\/\/youtu.be\/6kSyKlyOzes?feature=shared&#038;t=9 https:\/\/www.kasibittinen.fi\/ https:\/\/www.planet8bit.com\/ https:\/\/www.ilove8bit.fi\/pelipaivat\/<\/p>","protected":false},"author":1,"featured_media":0,"parent":0,"menu_order":0,"comment_status":"closed","ping_status":"closed","template":"elementor_canvas","meta":{"footnotes":""},"class_list":["post-7399","page","type-page","status-publish"],"_links":{"self":[{"href":"https:\/\/www.ilove8bit.fi\/fi\/wp-json\/wp\/v2\/pages\/7399"}],"collection":[{"href":"https:\/\/www.ilove8bit.fi\/fi\/wp-json\/wp\/v2\/pages"}],"about":[{"href":"https:\/\/www.ilove8bit.fi\/fi\/wp-json\/wp\/v2\/types\/page"}],"author":[{"embeddable":true,"href":"https:\/\/www.ilove8bit.fi\/fi\/wp-json\/wp\/v2\/users\/1"}],"replies":[{"embeddable":true,"href":"https:\/\/www.ilove8bit.fi\/fi\/wp-json\/wp\/v2\/comments?post=7399"}],"version-history":[{"count":35,"href":"https:\/\/www.ilove8bit.fi\/fi\/wp-json\/wp\/v2\/pages\/7399\/revisions"}],"predecessor-version":[{"id":7437,"href":"https:\/\/www.ilove8bit.fi\/fi\/wp-json\/wp\/v2\/pages\/7399\/revisions\/7437"}],"wp:attachment":[{"href":"https:\/\/www.ilove8bit.fi\/fi\/wp-json\/wp\/v2\/media?parent=7399"}],"curies":[{"name":"wp","href":"https:\/\/api.w.org\/{rel}","templated":true}]}}