{"id":2231,"date":"2023-01-24T10:15:15","date_gmt":"2023-01-24T10:15:15","guid":{"rendered":"https:\/\/www.ilove8bit.fi\/?page_id=2231"},"modified":"2023-01-24T10:16:48","modified_gmt":"2023-01-24T10:16:48","slug":"kauppa","status":"publish","type":"page","link":"https:\/\/www.ilove8bit.fi\/es\/kauppa\/","title":{"rendered":"I love 8-bit"},"content":{"rendered":"<div data-elementor-type=\"wp-page\" data-elementor-id=\"2231\" class=\"elementor elementor-2231\" data-elementor-post-type=\"page\">\n\t\t\t\t\t\t<section class=\"elementor-section elementor-top-section elementor-element elementor-element-7f2aae3 elementor-section-boxed elementor-section-height-default elementor-section-height-default\" data-id=\"7f2aae3\" data-element_type=\"section\">\n\t\t\t\t\t\t<div class=\"elementor-container elementor-column-gap-default\">\n\t\t\t\t\t<div class=\"elementor-column elementor-col-100 elementor-top-column elementor-element elementor-element-7a7c950\" data-id=\"7a7c950\" data-element_type=\"column\">\n\t\t\t<div class=\"elementor-widget-wrap elementor-element-populated\">\n\t\t\t\t\t\t<div class=\"elementor-element elementor-element-34ee2df elementor-widget elementor-widget-heading\" data-id=\"34ee2df\" data-element_type=\"widget\" data-widget_type=\"heading.default\">\n\t\t\t\t<div class=\"elementor-widget-container\">\n\t\t\t<h2 class=\"elementor-heading-title elementor-size-default\">Lis\u00e4\u00e4 otsikkotekstisi t\u00e4h\u00e4n<\/h2>\t\t<\/div>\n\t\t\t\t<\/div>\n\t\t\t\t\t<\/div>\n\t\t<\/div>\n\t\t\t\t\t<\/div>\n\t\t<\/section>\n\t\t\t\t<\/div>","protected":false},"excerpt":{"rendered":"<p>Lis\u00e4\u00e4 otsikkotekstisi t\u00e4h\u00e4n<\/p>","protected":false},"author":1,"featured_media":0,"parent":0,"menu_order":0,"comment_status":"closed","ping_status":"closed","template":"elementor_canvas","meta":{"footnotes":""},"class_list":["post-2231","page","type-page","status-publish"],"_links":{"self":[{"href":"https:\/\/www.ilove8bit.fi\/es\/wp-json\/wp\/v2\/pages\/2231"}],"collection":[{"href":"https:\/\/www.ilove8bit.fi\/es\/wp-json\/wp\/v2\/pages"}],"about":[{"href":"https:\/\/www.ilove8bit.fi\/es\/wp-json\/wp\/v2\/types\/page"}],"author":[{"embeddable":true,"href":"https:\/\/www.ilove8bit.fi\/es\/wp-json\/wp\/v2\/users\/1"}],"replies":[{"embeddable":true,"href":"https:\/\/www.ilove8bit.fi\/es\/wp-json\/wp\/v2\/comments?post=2231"}],"version-history":[{"count":7,"href":"https:\/\/www.ilove8bit.fi\/es\/wp-json\/wp\/v2\/pages\/2231\/revisions"}],"predecessor-version":[{"id":2238,"href":"https:\/\/www.ilove8bit.fi\/es\/wp-json\/wp\/v2\/pages\/2231\/revisions\/2238"}],"wp:attachment":[{"href":"https:\/\/www.ilove8bit.fi\/es\/wp-json\/wp\/v2\/media?parent=2231"}],"curies":[{"name":"wp","href":"https:\/\/api.w.org\/{rel}","templated":true}]}}